{"id":7708,"date":"2024-11-18T09:05:21","date_gmt":"2024-11-18T08:05:21","guid":{"rendered":"https:\/\/www.davidegalbiati.com\/videos\/"},"modified":"2024-12-13T18:39:48","modified_gmt":"2024-12-13T17:39:48","slug":"videos","status":"publish","type":"page","link":"https:\/\/www.davidegalbiati.com\/en\/videos\/","title":{"rendered":"Videos"},"content":{"rendered":"<p>[et_pb_section fb_built=&#8221;1&#8243; fullwidth=&#8221;on&#8221; admin_label=&#8221;Interior Hero 1&#8243; module_class=&#8221;sfly_interior sfly_interior_hero_1&#8243; _builder_version=&#8221;4.27.2&#8243; background_color=&#8221;#000000&#8243; custom_padding=&#8221;0px|0px|0|0px|false|false&#8221; saved_tabs=&#8221;all&#8221; locked=&#8221;off&#8221; global_colors_info=&#8221;{}&#8221;][et_pb_fullwidth_header title=&#8221;VIDEOS&#8221; text_orientation=&#8221;center&#8221; header_fullscreen=&#8221;on&#8221; header_scroll_down=&#8221;on&#8221; scroll_down_icon=&#8221;%%1%%&#8221; scroll_down_icon_color=&#8221;#ffffff&#8221; background_overlay_color=&#8221;rgba(0,0,0,0.5)&#8221; scroll_down_icon_size_tablet=&#8221;&#8221; scroll_down_icon_size_phone=&#8221;&#8221; scroll_down_icon_size_last_edited=&#8221;on|desktop&#8221; module_class=&#8221;sfly_fullwidth_header&#8221; _builder_version=&#8221;4.27.3&#8243; title_level=&#8221;h4&#8243; title_font=&#8221;|700|||||||&#8221; title_font_size=&#8221;48px&#8221; content_font=&#8221;||||||||&#8221; content_font_size=&#8221;18px&#8221; subhead_font=&#8221;||||||||&#8221; background_image=&#8221;https:\/\/www.davidegalbiati.com\/wp-content\/uploads\/2020\/04\/FRANCE3-03-DAVIDE-GALBIATI.jpg&#8221; custom_button_one=&#8221;on&#8221; button_one_text_color=&#8221;#000000&#8243; button_one_bg_color=&#8221;#ffffff&#8221; button_one_border_color=&#8221;#ffffff&#8221; button_one_font=&#8221;|700|||||||&#8221; button_one_use_icon=&#8221;off&#8221; custom_button_two=&#8221;on&#8221; button_two_font=&#8221;|700|||||||&#8221; button_two_use_icon=&#8221;off&#8221; custom_padding=&#8221;0px||50px||false&#8221; animation_style=&#8221;fade&#8221; animation_duration=&#8221;1500ms&#8221; title_font_size_tablet=&#8221;36px&#8221; title_font_size_phone=&#8221;24px&#8221; title_font_size_last_edited=&#8221;on|phone&#8221; button_one_text_color_hover=&#8221;#ffffff&#8221; button_two_text_color_hover=&#8221;#ffffff&#8221; button_one_border_color_hover=&#8221;#ffffff&#8221; button_two_border_color_hover=&#8221;#ffffff&#8221; button_one_bg_color_hover=&#8221;rgba(255,255,255,0)&#8221; button_two_bg_color_hover=&#8221;rgba(0,0,0,0)&#8221; global_colors_info=&#8221;{}&#8221; button_one_text_size__hover_enabled=&#8221;off&#8221; button_two_text_size__hover_enabled=&#8221;off&#8221; button_one_text_color__hover_enabled=&#8221;on&#8221; button_one_text_color__hover=&#8221;#ffffff&#8221; button_two_text_color__hover_enabled=&#8221;on&#8221; button_two_text_color__hover=&#8221;#ffffff&#8221; button_one_border_width__hover_enabled=&#8221;off&#8221; button_two_border_width__hover_enabled=&#8221;off&#8221; button_one_border_color__hover_enabled=&#8221;on&#8221; button_one_border_color__hover=&#8221;#ffffff&#8221; button_two_border_color__hover_enabled=&#8221;on&#8221; button_two_border_color__hover=&#8221;#ffffff&#8221; button_one_border_radius__hover_enabled=&#8221;off&#8221; button_two_border_radius__hover_enabled=&#8221;off&#8221; button_one_letter_spacing__hover_enabled=&#8221;off&#8221; button_two_letter_spacing__hover_enabled=&#8221;off&#8221; button_one_bg_color__hover_enabled=&#8221;on&#8221; button_one_bg_color__hover=&#8221;rgba(255,255,255,0)&#8221; button_two_bg_color__hover_enabled=&#8221;on&#8221; button_two_bg_color__hover=&#8221;rgba(0,0,0,0)&#8221;]<\/p>\n<h6>Short films -documentaries<\/h6>\n<p>[\/et_pb_fullwidth_header][\/et_pb_section][et_pb_section fb_built=&#8221;1&#8243; custom_padding_last_edited=&#8221;on|phone&#8221; _builder_version=&#8221;4.27.4&#8243; width=&#8221;85%&#8221; max_width=&#8221;85%&#8221; module_alignment=&#8221;center&#8221; custom_padding=&#8221;188px|0px|188px|0px|true|false&#8221; custom_padding_tablet=&#8221;188px|0px|188px|0px|true|false&#8221; custom_padding_phone=&#8221;50px|0px|50px|0px|true|false&#8221; top_divider_height=&#8221;125px&#8221; global_colors_info=&#8221;{}&#8221;][et_pb_row use_custom_gutter=&#8221;on&#8221; gutter_width=&#8221;2&#8243; make_equal=&#8221;on&#8221; _builder_version=&#8221;4.27.4&#8243; background_size=&#8221;initial&#8221; background_position=&#8221;top_left&#8221; background_repeat=&#8221;repeat&#8221; width=&#8221;100%&#8221; max_width=&#8221;100%&#8221; custom_margin=&#8221;|auto|8px|auto||&#8221; custom_padding=&#8221;13px||0||false|false&#8221; use_custom_width=&#8221;on&#8221; custom_width_px=&#8221;1805px&#8221; global_colors_info=&#8221;{}&#8221;][et_pb_column type=&#8221;4_4&#8243; _builder_version=&#8221;4.16&#8243; custom_padding=&#8221;|||&#8221; global_colors_info=&#8221;{}&#8221; custom_padding__hover=&#8221;|||&#8221;][et_pb_text _builder_version=&#8221;4.27.4&#8243; _module_preset=&#8221;default&#8221; header_3_text_align=&#8221;left&#8221; header_3_font_size=&#8221;21px&#8221; global_colors_info=&#8221;{}&#8221;]<\/p>\n<h3 style=\"text-align: left;\"><strong>Short films<\/strong><\/h3>\n<p style=\"text-align: left;\"><span>Short film based on the work <strong>&#8220;La Fl\u00fbte de l&#8217;Ange&#8221;<\/strong> r<\/span><span>directed by Alexandre VALENTINO<\/span><\/p>\n<p>[\/et_pb_text][et_pb_video src=&#8221;https:\/\/youtu.be\/3C4cfRc4vyU?si=LFeR-vST00TFEyJo&#8221; _builder_version=&#8221;4.27.2&#8243; _module_preset=&#8221;default&#8221; custom_margin=&#8221;||96px|||&#8221; global_colors_info=&#8221;{}&#8221;][\/et_pb_video][et_pb_text _builder_version=&#8221;4.27.3&#8243; _module_preset=&#8221;default&#8221; header_3_text_align=&#8221;left&#8221; header_3_font_size=&#8221;21px&#8221; global_colors_info=&#8221;{}&#8221;]<\/p>\n<h3 style=\"text-align: left;\"><span><img loading=\"lazy\" decoding=\"async\" src=\"https:\/\/www.davidegalbiati.com\/wp-content\/uploads\/2024\/11\/telechargement.png\" width=\"101\" height=\"19\" alt=\"\" class=\"wp-image-5967 alignnone size-full\"> <\/span><\/h3>\n<p style=\"text-align: left;\"><span>As part of the Mus\u00e9e Subaquatique de Marseille, France 3 reports from the studio of sculptor Davide Galbiati.<\/span><br \/><strong><br \/>France 3 Provence-Alpes C\u00f4te d&#8217;Azur<\/strong><br \/><span>Jan. 29, 2020 <\/span><\/p>\n<p>[\/et_pb_text][et_pb_video src=&#8221;https:\/\/youtu.be\/pA-XgsD20K0?si=bI7V9EztXtOle44S&#8221; _builder_version=&#8221;4.27.3&#8243; _module_preset=&#8221;default&#8221; custom_margin=&#8221;||133px|||&#8221; global_colors_info=&#8221;{}&#8221;][\/et_pb_video][et_pb_text _builder_version=&#8221;4.27.3&#8243; _module_preset=&#8221;default&#8221; header_3_text_align=&#8221;left&#8221; header_3_font_size=&#8221;21px&#8221; global_colors_info=&#8221;{}&#8221;]<\/p>\n<h3 style=\"text-align: left;\"><span><img loading=\"lazy\" decoding=\"async\" src=\"https:\/\/www.davidegalbiati.com\/wp-content\/uploads\/2024\/11\/telechargement.png\" width=\"101\" height=\"19\" alt=\"\" class=\"wp-image-5967 alignnone size-full\">  Thalassa<\/span><\/h3>\n<p style=\"text-align: left;\"><span>Thalassa report on the Mus\u00e9e Subaquatique<\/span><\/p>\n<p>[\/et_pb_text][et_pb_video src=&#8221;https:\/\/www.youtube.com\/watch?v=obkPU-F8DWk&#038;t=8s&#8221; _builder_version=&#8221;4.27.3&#8243; _module_preset=&#8221;default&#8221; custom_margin=&#8221;||138px|||&#8221; global_colors_info=&#8221;{}&#8221;][\/et_pb_video][et_pb_text _builder_version=&#8221;4.27.4&#8243; _module_preset=&#8221;default&#8221; header_3_text_align=&#8221;left&#8221; header_3_font_size=&#8221;21px&#8221; global_colors_info=&#8221;{}&#8221;]<\/p>\n<h3 style=\"text-align: left;\"><strong>Thalassa &#8211; France T\u00e9l\u00e9vision<\/strong><\/h3>\n<p style=\"text-align: left;\"><span>In Marseille, Anthony Lacanau has created an underwater museum unique in France. A few meters from the Catalans beach, he has immersed sculptures by local artists, which can now be discovered by snorkeling. But it took the designer five years to turn the dream into reality&#8230; Sophie Accarias- Laurent Saccomano &#8211; Emmanuel ZINI &#8211; Guillaume RUOPPOLO\/Wallis Prod. <\/span><\/p>\n<p>[\/et_pb_text][et_pb_video src=&#8221;https:\/\/youtu.be\/UFgyGhgZdgc?si=rS9ijoaADj0PMSKn&#8221; image_src=&#8221;https:\/\/www.davidegalbiati.com\/wp-content\/uploads\/2024\/11\/Capture-decran-2024-11-18-a-17.13.21.jpg&#8221; _builder_version=&#8221;4.27.3&#8243; _module_preset=&#8221;default&#8221; custom_margin=&#8221;||208px|||&#8221; global_colors_info=&#8221;{}&#8221;][\/et_pb_video][\/et_pb_column][\/et_pb_row][\/et_pb_section]<\/p>\n","protected":false},"excerpt":{"rendered":"<p>Short films -documentariesShort films Short film based on the work &#8220;La Fl\u00fbte de l&#8217;Ange&#8221; rdirected by Alexandre VALENTINO As part of the Mus\u00e9e Subaquatique de Marseille, France 3 reports from the studio of sculptor Davide Galbiati.France 3 Provence-Alpes C\u00f4te d&#8217;AzurJan. 29, 2020 Thalassa Thalassa report on the Mus\u00e9e SubaquatiqueThalassa &#8211; France T\u00e9l\u00e9vision In Marseille, Anthony [&hellip;]<\/p>\n","protected":false},"author":2,"featured_media":5144,"parent":0,"menu_order":0,"comment_status":"closed","ping_status":"closed","template":"","meta":{"_et_pb_use_builder":"on","_et_pb_old_content":"","_et_gb_content_width":"","_monsterinsights_skip_tracking":false,"_monsterinsights_sitenote_active":false,"_monsterinsights_sitenote_note":"","_monsterinsights_sitenote_category":0,"footnotes":""},"dipi_cpt_category":[],"class_list":["post-7708","page","type-page","status-publish","has-post-thumbnail","hentry"],"_links":{"self":[{"href":"https:\/\/www.davidegalbiati.com\/en\/wp-json\/wp\/v2\/pages\/7708"}],"collection":[{"href":"https:\/\/www.davidegalbiati.com\/en\/wp-json\/wp\/v2\/pages"}],"about":[{"href":"https:\/\/www.davidegalbiati.com\/en\/wp-json\/wp\/v2\/types\/page"}],"author":[{"embeddable":true,"href":"https:\/\/www.davidegalbiati.com\/en\/wp-json\/wp\/v2\/users\/2"}],"replies":[{"embeddable":true,"href":"https:\/\/www.davidegalbiati.com\/en\/wp-json\/wp\/v2\/comments?post=7708"}],"version-history":[{"count":4,"href":"https:\/\/www.davidegalbiati.com\/en\/wp-json\/wp\/v2\/pages\/7708\/revisions"}],"predecessor-version":[{"id":7880,"href":"https:\/\/www.davidegalbiati.com\/en\/wp-json\/wp\/v2\/pages\/7708\/revisions\/7880"}],"wp:featuredmedia":[{"embeddable":true,"href":"https:\/\/www.davidegalbiati.com\/en\/wp-json\/wp\/v2\/media\/5144"}],"wp:attachment":[{"href":"https:\/\/www.davidegalbiati.com\/en\/wp-json\/wp\/v2\/media?parent=7708"}],"wp:term":[{"taxonomy":"dipi_cpt_category","embeddable":true,"href":"https:\/\/www.davidegalbiati.com\/en\/wp-json\/wp\/v2\/dipi_cpt_category?post=7708"}],"curies":[{"name":"wp","href":"https:\/\/api.w.org\/{rel}","templated":true}]}}