{"id":2180,"date":"2020-11-02T17:57:06","date_gmt":"2020-11-02T16:57:06","guid":{"rendered":"https:\/\/www.davidegalbiati.com\/?page_id=2180"},"modified":"2022-05-18T15:11:01","modified_gmt":"2022-05-18T13:11:01","slug":"musee-subaquatique-marseille","status":"publish","type":"page","link":"https:\/\/www.davidegalbiati.com\/fr\/musee-subaquatique-marseille\/","title":{"rendered":"Mus\u00e9e Subaquatique de Marseille"},"content":{"rendered":"<p>[et_pb_section fb_built=\u00a0\u00bb1&Prime; fullwidth=\u00a0\u00bbon\u00a0\u00bb _builder_version=\u00a0\u00bb4.16&Prime; global_colors_info=\u00a0\u00bb{}\u00a0\u00bb][et_pb_fullwidth_header title=\u00a0\u00bbLa graine et la Mer\u00a0\u00bb _builder_version=\u00a0\u00bb4.16.1&Prime; background_enable_image=\u00a0\u00bboff\u00a0\u00bb background_video_mp4=\u00a0\u00bbhttps:\/\/www.davidegalbiati.com\/wp-content\/uploads\/2020\/10\/la-graine-et-la-mer-wallis-w2.mp4&Prime; height=\u00a0\u00bb967px\u00a0\u00bb height_tablet=\u00a0\u00bb\u00a0\u00bb height_phone=\u00a0\u00bb\u00a0\u00bb height_last_edited=\u00a0\u00bbon|desktop\u00a0\u00bb global_colors_info=\u00a0\u00bb{}\u00a0\u00bb]<\/p>\n<p>Sculpture<\/p>\n<p>[\/et_pb_fullwidth_header][\/et_pb_section][et_pb_section fb_built=\u00a0\u00bb1&Prime; _builder_version=\u00a0\u00bb4.16&Prime; custom_padding=\u00a0\u00bb17px|||||\u00a0\u00bb global_colors_info=\u00a0\u00bb{}\u00a0\u00bb][et_pb_row _builder_version=\u00a0\u00bb4.16&Prime; width=\u00a0\u00bb100%\u00a0\u00bb max_width=\u00a0\u00bb1733px\u00a0\u00bb global_colors_info=\u00a0\u00bb{}\u00a0\u00bb][et_pb_column type=\u00a0\u00bb4_4&Prime; _builder_version=\u00a0\u00bb4.16&Prime; global_colors_info=\u00a0\u00bb{}\u00a0\u00bb][et_pb_gallery gallery_ids=\u00a0\u00bb2661,2161,2137,2112,2042,2654,2663,1997&Prime; show_title_and_caption=\u00a0\u00bboff\u00a0\u00bb _builder_version=\u00a0\u00bb4.16.1&Prime; width_tablet=\u00a0\u00bb\u00a0\u00bb width_phone=\u00a0\u00bb88%\u00a0\u00bb width_last_edited=\u00a0\u00bbon|phone\u00a0\u00bb module_alignment=\u00a0\u00bbcenter\u00a0\u00bb custom_padding=\u00a0\u00bb5px|5px|5px|5px\u00a0\u00bb hover_enabled=\u00a0\u00bb0&Prime; border_width_all_image=\u00a0\u00bb5px\u00a0\u00bb border_color_all_image=\u00a0\u00bbrgba(0,0,0,0)\u00a0\u00bb global_colors_info=\u00a0\u00bb{}\u00a0\u00bb sticky_enabled=\u00a0\u00bb0&Prime; border_radii=\u00a0\u00bboff||||\u00a0\u00bb border_radii_image=\u00a0\u00bbon|19px|19px|19px|19px\u00a0\u00bb][\/et_pb_gallery][\/et_pb_column][\/et_pb_row][\/et_pb_section][et_pb_section fb_built=\u00a0\u00bb1&Prime; _builder_version=\u00a0\u00bb4.16&Prime; global_colors_info=\u00a0\u00bb{}\u00a0\u00bb][et_pb_row column_structure=\u00a0\u00bb1_2,1_2&Prime; _builder_version=\u00a0\u00bb4.16&Prime; global_colors_info=\u00a0\u00bb{}\u00a0\u00bb][et_pb_column type=\u00a0\u00bb1_2&Prime; _builder_version=\u00a0\u00bb4.16&Prime; global_colors_info=\u00a0\u00bb{}\u00a0\u00bb][et_pb_image src=\u00a0\u00bbhttps:\/\/www.davidegalbiati.com\/wp-content\/uploads\/2020\/11\/la-graine-et-la-mer.jpeg\u00a0\u00bb _builder_version=\u00a0\u00bb4.16&Prime; global_colors_info=\u00a0\u00bb{}\u00a0\u00bb][\/et_pb_image][\/et_pb_column][et_pb_column type=\u00a0\u00bb1_2&Prime; _builder_version=\u00a0\u00bb4.16&Prime; global_colors_info=\u00a0\u00bb{}\u00a0\u00bb][et_pb_text _builder_version=\u00a0\u00bb4.16.1&Prime; hover_enabled=\u00a0\u00bb0&Prime; global_colors_info=\u00a0\u00bb{}\u00a0\u00bb sticky_enabled=\u00a0\u00bb0&Prime;]<\/p>\n<h1 class=\"text-build-content\" data-testid=\"eoxUAi6LzxQ\"><strong>La Graine et la Mer<br \/><\/strong><\/h1>\n<p><strong>THE SEED AND THE SEA<\/strong><\/p>\n<p>[\/et_pb_text][et_pb_text _builder_version=\u00a0\u00bb4.16&Prime; global_colors_info=\u00a0\u00bb{}\u00a0\u00bb]<\/p>\n<p class=\"text-build-content\" data-testid=\"eoxUAi6LzxQ\"><span>\u201d La graine est vitale dans la Nature. Elle repr\u00e9sente la matrice qui permettra d\u2019avoir des milliers d\u2019arbres. Dans un fruit ce qui compte c\u2019est la graine et non la chair. L\u2019information y est contenue en son int\u00e9rieur et doit \u00eatre transmise.\u00a0<\/span><br \/><span>La Nature ne s\u2019occupe que de \u00e7a : transmettre. Si elle embelli les fleurs et dote les fruits d\u2019une chaire succulente, c\u2019est pour que les animaux et l\u2019Homme soient attir\u00e9s et en dispersent les graines, ainsi la transmission de l\u2019information vitale peut perdurer.<\/span><br \/><span>La pulpe dans un fruit repr\u00e9sente symboliquement la chair et son noyau peut \u00eatre consid\u00e9r\u00e9 comme le symbole de l\u2019Esprit.<br \/>La premi\u00e8re est destin\u00e9e \u00e0 p\u00e9rir et la deuxi\u00e8me \u00e0 durer.\u00a0<\/span><br \/><span>Prot\u00e9geons l\u2019Esprit de la Mer, \u00a0transmettons sa valeur aux g\u00e9n\u00e9rations futures afin que sa matrice puisse survivre et continuer \u00e0 cr\u00e9er la Vie marine qui nous est si ch\u00e8re.\u201d\u00a0<\/span><\/p>\n<p>Davide Galbiati<\/p>\n<p>.<\/p>\n<p>[\/et_pb_text][et_pb_text _builder_version=\u00a0\u00bb4.16&Prime; global_colors_info=\u00a0\u00bb{}\u00a0\u00bb]<\/p>\n<p class=\"text-build-content\" data-testid=\"eoxUAi6LzxQ\"><strong>La Graine et la Mer &#8211; 2019<br \/> <\/strong>150 cm &#8211; Oeuvre disponible en b\u00e9ton ou bronze<br \/> Edition sur 12<\/p>\n<p>[\/et_pb_text][et_pb_button button_url=\u00a0\u00bb@ET-DC@eyJkeW5hbWljIjp0cnVlLCJjb250ZW50IjoicG9zdF9saW5rX3VybF9wcm9qZWN0Iiwic2V0dGluZ3MiOnsicG9zdF9pZCI6IjI5OTAifX0=@\u00a0\u00bb button_text=\u00a0\u00bbvoir l&rsquo;oeuvre\u00a0\u00bb button_alignment=\u00a0\u00bbcenter\u00a0\u00bb _builder_version=\u00a0\u00bb4.16.1&Prime; custom_button=\u00a0\u00bbon\u00a0\u00bb button_text_color=\u00a0\u00bb#FFFFFF\u00a0\u00bb button_bg_color=\u00a0\u00bb#BFBFBF\u00a0\u00bb button_border_width=\u00a0\u00bb0px\u00a0\u00bb button_border_radius=\u00a0\u00bb20px\u00a0\u00bb hover_enabled=\u00a0\u00bb0&Prime; button_letter_spacing_tablet=\u00a0\u00bb\u00a0\u00bb button_letter_spacing_phone=\u00a0\u00bb\u00a0\u00bb button_letter_spacing_last_edited=\u00a0\u00bbon|desktop\u00a0\u00bb global_colors_info=\u00a0\u00bb{}\u00a0\u00bb sticky_enabled=\u00a0\u00bb0&Prime; _dynamic_attributes=\u00a0\u00bbbutton_url\u00a0\u00bb][\/et_pb_button][et_pb_button button_url=\u00a0\u00bbmailto:contact@davidegalbiati.com\u00a0\u00bb button_text=\u00a0\u00bbdemande d&rsquo;information\u00a0\u00bb button_alignment=\u00a0\u00bbcenter\u00a0\u00bb _builder_version=\u00a0\u00bb4.16&Prime; custom_button=\u00a0\u00bbon\u00a0\u00bb button_text_color=\u00a0\u00bb#FFFFFF\u00a0\u00bb button_bg_color=\u00a0\u00bb#BFBFBF\u00a0\u00bb button_border_width=\u00a0\u00bb0px\u00a0\u00bb button_border_radius=\u00a0\u00bb20px\u00a0\u00bb hover_enabled=\u00a0\u00bb0&Prime; button_letter_spacing_tablet=\u00a0\u00bb\u00a0\u00bb button_letter_spacing_phone=\u00a0\u00bb\u00a0\u00bb button_letter_spacing_last_edited=\u00a0\u00bbon|desktop\u00a0\u00bb global_colors_info=\u00a0\u00bb{}\u00a0\u00bb sticky_enabled=\u00a0\u00bb0&Prime;][\/et_pb_button][et_pb_text _builder_version=\u00a0\u00bb4.16.1&Prime; hover_enabled=\u00a0\u00bb0&Prime; global_colors_info=\u00a0\u00bb{}\u00a0\u00bb sticky_enabled=\u00a0\u00bb0&Prime;]<\/p>\n<p class=\"text-build-content\" data-testid=\"eoxUAi6LzxQ\" style=\"text-align: center;\"><b>Actuellement immerg\u00e9e :<\/b><b><\/b><\/p>\n<p>[\/et_pb_text][et_pb_button button_url=\u00a0\u00bbhttps:\/\/www.musee-subaquatique.com\/fr\/project\/davide-galbiati\/\u00a0\u00bb url_new_window=\u00a0\u00bbon\u00a0\u00bb button_text=\u00a0\u00bbMus\u00e9e Subaquatique de Marseille\u00a0\u00bb _builder_version=\u00a0\u00bb4.16.1&Prime; custom_button=\u00a0\u00bbon\u00a0\u00bb button_text_color=\u00a0\u00bb#FFFFFF\u00a0\u00bb button_bg_color=\u00a0\u00bb#418F9B\u00a0\u00bb button_border_color=\u00a0\u00bb#418F9B\u00a0\u00bb button_font=\u00a0\u00bb||||||||\u00a0\u00bb hover_enabled=\u00a0\u00bb0&Prime; global_colors_info=\u00a0\u00bb{}\u00a0\u00bb button_alignment=\u00a0\u00bbcenter\u00a0\u00bb sticky_enabled=\u00a0\u00bb0&Prime;][\/et_pb_button][et_pb_button button_url=\u00a0\u00bbhttps:\/\/umafl.org\/artists-revealed-for-fourth-uma-installation\/\u00a0\u00bb url_new_window=\u00a0\u00bbon\u00a0\u00bb button_text=\u00a0\u00bbUMA  &#8211; Underwater Museum of Art\u00a0\u00bb _builder_version=\u00a0\u00bb4.16.1&Prime; custom_button=\u00a0\u00bbon\u00a0\u00bb button_text_color=\u00a0\u00bb#FFFFFF\u00a0\u00bb button_bg_color=\u00a0\u00bb#418F9B\u00a0\u00bb button_border_color=\u00a0\u00bb#418F9B\u00a0\u00bb button_font=\u00a0\u00bb||||||||\u00a0\u00bb hover_enabled=\u00a0\u00bb0&Prime; global_colors_info=\u00a0\u00bb{}\u00a0\u00bb button_alignment=\u00a0\u00bbcenter\u00a0\u00bb sticky_enabled=\u00a0\u00bb0&Prime;][\/et_pb_button][\/et_pb_column][\/et_pb_row][\/et_pb_section]<\/p>\n","protected":false},"excerpt":{"rendered":"<p>SculptureLa Graine et la Mer THE SEED AND THE SEA\u201d La graine est vitale dans la Nature. Elle repr\u00e9sente la matrice qui permettra d\u2019avoir des milliers d\u2019arbres. Dans un fruit ce qui compte c\u2019est la graine et non la chair. L\u2019information y est contenue en son int\u00e9rieur et doit \u00eatre transmise.\u00a0La Nature ne s\u2019occupe que [&hellip;]<\/p>\n","protected":false},"author":2,"featured_media":0,"parent":0,"menu_order":0,"comment_status":"closed","ping_status":"closed","template":"","meta":{"_et_pb_use_builder":"on","_et_pb_old_content":"","_et_gb_content_width":"","_monsterinsights_skip_tracking":false,"_monsterinsights_sitenote_active":false,"_monsterinsights_sitenote_note":"","_monsterinsights_sitenote_category":0,"footnotes":""},"dipi_cpt_category":[],"class_list":["post-2180","page","type-page","status-publish","hentry"],"_links":{"self":[{"href":"https:\/\/www.davidegalbiati.com\/fr\/wp-json\/wp\/v2\/pages\/2180"}],"collection":[{"href":"https:\/\/www.davidegalbiati.com\/fr\/wp-json\/wp\/v2\/pages"}],"about":[{"href":"https:\/\/www.davidegalbiati.com\/fr\/wp-json\/wp\/v2\/types\/page"}],"author":[{"embeddable":true,"href":"https:\/\/www.davidegalbiati.com\/fr\/wp-json\/wp\/v2\/users\/2"}],"replies":[{"embeddable":true,"href":"https:\/\/www.davidegalbiati.com\/fr\/wp-json\/wp\/v2\/comments?post=2180"}],"version-history":[{"count":22,"href":"https:\/\/www.davidegalbiati.com\/fr\/wp-json\/wp\/v2\/pages\/2180\/revisions"}],"predecessor-version":[{"id":3182,"href":"https:\/\/www.davidegalbiati.com\/fr\/wp-json\/wp\/v2\/pages\/2180\/revisions\/3182"}],"wp:attachment":[{"href":"https:\/\/www.davidegalbiati.com\/fr\/wp-json\/wp\/v2\/media?parent=2180"}],"wp:term":[{"taxonomy":"dipi_cpt_category","embeddable":true,"href":"https:\/\/www.davidegalbiati.com\/fr\/wp-json\/wp\/v2\/dipi_cpt_category?post=2180"}],"curies":[{"name":"wp","href":"https:\/\/api.w.org\/{rel}","templated":true}]}}