{"id":5942,"date":"2024-11-18T08:50:00","date_gmt":"2024-11-18T07:50:00","guid":{"rendered":"https:\/\/www.davidegalbiati.com\/?page_id=5942"},"modified":"2025-03-16T19:43:43","modified_gmt":"2025-03-16T18:43:43","slug":"accueil-beta","status":"publish","type":"page","link":"https:\/\/www.davidegalbiati.com\/fr\/","title":{"rendered":"Accueil beta"},"content":{"rendered":"<p>[et_pb_section fb_built=\u00a0\u00bb1&Prime; fullwidth=\u00a0\u00bbon\u00a0\u00bb admin_label=\u00a0\u00bbHero 1&Prime; module_class=\u00a0\u00bbsfly_hero sfly_hero_1&Prime; _builder_version=\u00a0\u00bb4.16&Prime; background_color=\u00a0\u00bb#000000&Prime; global_colors_info=\u00a0\u00bb{}\u00a0\u00bb][et_pb_fullwidth_header text_orientation=\u00a0\u00bbright\u00a0\u00bb header_fullscreen=\u00a0\u00bbon\u00a0\u00bb header_scroll_down=\u00a0\u00bbon\u00a0\u00bb scroll_down_icon=\u00a0\u00bb%%1%%\u00a0\u00bb background_overlay_color=\u00a0\u00bbrgba(0,0,0,0.25)\u00a0\u00bb admin_label=\u00a0\u00bbvisuel accueil\u00a0\u00bb module_class=\u00a0\u00bbsfly_fullwidth_header\u00a0\u00bb _builder_version=\u00a0\u00bb4.27.4&Prime; title_level=\u00a0\u00bbh3&Prime; title_font_size=\u00a0\u00bb50px\u00a0\u00bb content_font_size=\u00a0\u00bb18px\u00a0\u00bb subhead_font_size=\u00a0\u00bb22px\u00a0\u00bb background_enable_image=\u00a0\u00bboff\u00a0\u00bb parallax=\u00a0\u00bbon\u00a0\u00bb background_video_mp4=\u00a0\u00bbhttps:\/\/www.davidegalbiati.com\/wp-content\/uploads\/2020\/10\/la-graine-et-la-mer-wallis-w2.mp4&Prime; background_video_pause_outside_viewport=\u00a0\u00bboff\u00a0\u00bb custom_button_one=\u00a0\u00bbon\u00a0\u00bb button_one_text_color=\u00a0\u00bb#ffffff\u00a0\u00bb button_one_bg_color=\u00a0\u00bbrgba(255,255,255,0)\u00a0\u00bb button_one_border_color=\u00a0\u00bb#ffffff\u00a0\u00bb button_one_font=\u00a0\u00bb|700|||||||\u00a0\u00bb button_one_use_icon=\u00a0\u00bboff\u00a0\u00bb custom_button_two=\u00a0\u00bbon\u00a0\u00bb button_two_font=\u00a0\u00bb|700|||||||\u00a0\u00bb button_two_use_icon=\u00a0\u00bboff\u00a0\u00bb animation_style=\u00a0\u00bbfade\u00a0\u00bb animation_duration=\u00a0\u00bb1500ms\u00a0\u00bb link_option_url=\u00a0\u00bbhttps:\/\/www.davidegalbiati.com\/2020\/03\/25\/musee-subaquatique-de-marseille\/\u00a0\u00bb title_font_size_tablet=\u00a0\u00bb48px\u00a0\u00bb title_font_size_phone=\u00a0\u00bb36px\u00a0\u00bb title_font_size_last_edited=\u00a0\u00bbon|desktop\u00a0\u00bb custom_css_content=\u00a0\u00bbmax-width: 600px;||margin: 0 auto 15px;\u00a0\u00bb button_one_text_color_hover=\u00a0\u00bb#ffffff\u00a0\u00bb button_two_text_color_hover=\u00a0\u00bb#ffffff\u00a0\u00bb button_one_border_color_hover=\u00a0\u00bb#000000&Prime; button_two_border_color_hover=\u00a0\u00bb#ffffff\u00a0\u00bb button_one_bg_color_hover=\u00a0\u00bb#000000&Prime; button_two_bg_color_hover=\u00a0\u00bbrgba(0,0,0,0)\u00a0\u00bb global_colors_info=\u00a0\u00bb{}\u00a0\u00bb button_one_text_size__hover_enabled=\u00a0\u00bboff\u00a0\u00bb button_two_text_size__hover_enabled=\u00a0\u00bboff\u00a0\u00bb button_one_text_color__hover_enabled=\u00a0\u00bbon\u00a0\u00bb button_one_text_color__hover=\u00a0\u00bb#ffffff\u00a0\u00bb button_two_text_color__hover_enabled=\u00a0\u00bbon\u00a0\u00bb button_two_text_color__hover=\u00a0\u00bb#ffffff\u00a0\u00bb button_one_border_width__hover_enabled=\u00a0\u00bboff\u00a0\u00bb button_two_border_width__hover_enabled=\u00a0\u00bboff\u00a0\u00bb button_one_border_color__hover_enabled=\u00a0\u00bbon\u00a0\u00bb button_one_border_color__hover=\u00a0\u00bb#000000&Prime; button_two_border_color__hover_enabled=\u00a0\u00bbon\u00a0\u00bb button_two_border_color__hover=\u00a0\u00bb#ffffff\u00a0\u00bb button_one_border_radius__hover_enabled=\u00a0\u00bboff\u00a0\u00bb button_two_border_radius__hover_enabled=\u00a0\u00bboff\u00a0\u00bb button_one_letter_spacing__hover_enabled=\u00a0\u00bboff\u00a0\u00bb button_two_letter_spacing__hover_enabled=\u00a0\u00bboff\u00a0\u00bb button_one_bg_color__hover_enabled=\u00a0\u00bbon\u00a0\u00bb button_one_bg_color__hover=\u00a0\u00bb#000000&Prime; button_two_bg_color__hover_enabled=\u00a0\u00bbon\u00a0\u00bb button_two_bg_color__hover=\u00a0\u00bbrgba(0,0,0,0)\u00a0\u00bb][\/et_pb_fullwidth_header][\/et_pb_section][et_pb_section fb_built=\u00a0\u00bb1&Prime; _builder_version=\u00a0\u00bb4.27.4&Prime; _module_preset=\u00a0\u00bbdefault\u00a0\u00bb global_colors_info=\u00a0\u00bb{}\u00a0\u00bb][et_pb_row column_structure=\u00a0\u00bb1_2,1_2&Prime; _builder_version=\u00a0\u00bb4.27.4&Prime; _module_preset=\u00a0\u00bbdefault\u00a0\u00bb custom_padding=\u00a0\u00bb109px|||||\u00a0\u00bb global_colors_info=\u00a0\u00bb{}\u00a0\u00bb][et_pb_column type=\u00a0\u00bb1_2&Prime; _builder_version=\u00a0\u00bb4.27.4&Prime; _module_preset=\u00a0\u00bbdefault\u00a0\u00bb global_colors_info=\u00a0\u00bb{}\u00a0\u00bb][et_pb_video src=\u00a0\u00bbhttps:\/\/youtu.be\/3C4cfRc4vyU?si=-3BbUxFqinq8l1rP\u00a0\u00bb _builder_version=\u00a0\u00bb4.27.3&Prime; _module_preset=\u00a0\u00bbdefault\u00a0\u00bb module_alignment=\u00a0\u00bbcenter\u00a0\u00bb global_colors_info=\u00a0\u00bb{}\u00a0\u00bb][\/et_pb_video][et_pb_text _builder_version=\u00a0\u00bb4.27.4&Prime; _module_preset=\u00a0\u00bbdefault\u00a0\u00bb text_font=\u00a0\u00bb&#8211;et_global_body_font||||||||\u00a0\u00bb text_text_color=\u00a0\u00bb#404040&Prime; text_font_size=\u00a0\u00bb16px\u00a0\u00bb text_letter_spacing=\u00a0\u00bb1px\u00a0\u00bb text_line_height=\u00a0\u00bb1.5em\u00a0\u00bb header_5_font_size=\u00a0\u00bb10px\u00a0\u00bb global_colors_info=\u00a0\u00bb{}\u00a0\u00bb]<\/p>\n<p style=\"text-align: center;\"><strong>Court m\u00e9trage autour de l&rsquo;<b>\u0153<\/b>uvre \u00ab\u00a0La Fl\u00fbte de L&rsquo;Ange\u00a0\u00bb<\/strong><br \/>R\u00e9alis\u00e9 par Alexandre Valentino<\/p>\n<p>[\/et_pb_text][\/et_pb_column][et_pb_column type=\u00a0\u00bb1_2&Prime; _builder_version=\u00a0\u00bb4.27.4&Prime; _module_preset=\u00a0\u00bbdefault\u00a0\u00bb global_colors_info=\u00a0\u00bb{}\u00a0\u00bb][et_pb_text admin_label=\u00a0\u00bbTexte \u00a0\u00bb _builder_version=\u00a0\u00bb4.27.4&Prime; text_font=\u00a0\u00bb|300|||||||\u00a0\u00bb text_text_color=\u00a0\u00bb#404040&Prime; text_font_size=\u00a0\u00bb16px\u00a0\u00bb text_letter_spacing=\u00a0\u00bb2px\u00a0\u00bb header_text_color=\u00a0\u00bb#404040&Prime; header_2_font=\u00a0\u00bb||||||||\u00a0\u00bb header_2_text_color=\u00a0\u00bb#404040&Prime; custom_margin=\u00a0\u00bb-2px||36px||false|false\u00a0\u00bb custom_margin_tablet=\u00a0\u00bb0px||||false|false\u00a0\u00bb custom_margin_phone=\u00a0\u00bb0px||||false|false\u00a0\u00bb custom_margin_last_edited=\u00a0\u00bbon|phone\u00a0\u00bb locked=\u00a0\u00bboff\u00a0\u00bb inline_fonts=\u00a0\u00bbABeeZee\u00a0\u00bb global_colors_info=\u00a0\u00bb{}\u00a0\u00bb]<\/p>\n<h2 style=\"text-align: center;\"><span style=\"text-align: left;\">Prochainement<\/span><\/h2>\n<p>[\/et_pb_text][et_pb_text _builder_version=\u00a0\u00bb4.27.4&Prime; _module_preset=\u00a0\u00bbdefault\u00a0\u00bb text_text_color=\u00a0\u00bb#404040&Prime; text_line_height=\u00a0\u00bb1.8em\u00a0\u00bb custom_margin=\u00a0\u00bb||18px|||\u00a0\u00bb custom_padding=\u00a0\u00bb1px|||||\u00a0\u00bb hover_enabled=\u00a0\u00bb0&Prime; locked=\u00a0\u00bboff\u00a0\u00bb global_colors_info=\u00a0\u00bb{}\u00a0\u00bb sticky_enabled=\u00a0\u00bb0&Prime;]<\/p>\n<p style=\"text-align: center;\"><strong>Mars 2025<\/strong><\/p>\n<p style=\"text-align: center;\"><strong>GALERIE CYGNE NOIR<br \/><\/strong>rue Guilhem Peyre &#8211; 82140 Saint-Antonin-Noble-Val <\/p>\n<p><span><\/span><\/p>\n<p style=\"text-align: center;\">&#8211;<\/p>\n<p style=\"text-align: center;\"><span><strong>23,24 et 25 Mai 2025<\/strong> <br \/><\/span><\/p>\n<p class=\"text-build-content\" style=\"text-align: center;\"><span><b>LES JARDINS D&rsquo;ALBERTAS<br \/><\/b>Exposition collective<br \/><\/span><span>\u00a0 D8N Bouc-Bel-Air 13320<b><br \/><\/b><\/span><span><\/span><span><\/span><span><\/span><\/p>\n<p class=\"text-build-content\" style=\"text-align: center;\"><span><b>&#8211;<\/b><\/span><\/p>\n<p style=\"text-align: center;\"><strong>Du 31 mai au 10 juin 2025\u00a0<\/strong><\/p>\n<p style=\"text-align: center;\"><strong>CHAPELLE SAINTE THECLE<\/strong><br \/>Exposition en duo avec le peintre Alexandre LAMOTTE<br \/>rue des Poternes &#8211; 84110 Seguret <br \/><span><\/span><\/p>\n<p style=\"text-align: center;\">&#8211;<\/p>\n<p style=\"text-align: center;\"><strong>Du 01 juin au 30 septembre\u00a0 2025<\/strong><\/p>\n<p style=\"text-align: center;\"><strong>KELLIE MILLER ARTS GALERY<br \/><\/strong>3 Church Street -Brighton, UK<\/p>\n<p style=\"text-align: center;\">&#8211;<\/p>\n<p style=\"text-align: center;\"><strong>Du 21 juillet au 5 ao\u00fbt 2025<\/strong><\/p>\n<p style=\"text-align: center;\"><strong>LUCE E SPIRITO<br \/><\/strong>Exposition en duo avec le peintre Pierre RIOLLET<br \/>En partenariat avec le FOND JEANE EAKIN<br \/>et le Festival du Cin\u00e9ma Italien<br \/>&#8211;<br \/>Du 21 juillet au 5 ao\u00fbt 2025<br \/>Maison de la Truffe et du Vin<br \/>48 Place de l&rsquo;Horologe &#8211; 84560 Menerbes <\/p>\n<p style=\"text-align: center;\">&#8211;<\/p>\n<p style=\"text-align: center;\"><strong>Du 8 au 12 septembre 2025<\/strong> <\/p>\n<p style=\"text-align: center;\"><strong>ART4SEA<br \/><\/strong>Immersion de l&rsquo;oeuvre \u00a0\u00bb The Coral Queen \u00ab\u00a0<br \/>dans le cadre du projet Europ\u00e9en sur la Mer<\/p>\n<p style=\"text-align: center;\">\u00a0\u00cele de Ustica, Italie<\/p>\n<p style=\"text-align: center;\"><strong>&#8211;<\/strong><\/p>\n<p style=\"text-align: center;\"><strong>Du 30 octobre 2025 au 2 novembre 2025<\/strong><\/p>\n<p style=\"text-align: center;\"><strong>SALON TERRE ET FLAMME<br \/>Invit\u00e9 d&rsquo;Honneur<br \/><\/strong>\u00a0 47 Avenue des Deux Ruisseaux &#8211; 35135 Chantepie <\/p>\n<p style=\"text-align: center;\"><strong>&#8211;<\/strong><\/p>\n<p style=\"text-align: center;\"><strong>Du 4 au 14 d\u00e9cembre 2025<\/strong><\/p>\n<p style=\"text-align: center;\"><strong>SALON DE BEAUX ARTS 2025<\/strong><br \/>R\u00e9fectoire des Cordeliers<br \/>15 rue de l&rsquo;Ecole de M\u00e9decine &#8211; Paris 6<\/p>\n<p style=\"text-align: center;\">\u00a0<span><\/span><\/p>\n<p>[\/et_pb_text][et_pb_button button_url=\u00a0\u00bb@ET-DC@eyJkeW5hbWljIjp0cnVlLCJjb250ZW50IjoicG9zdF9saW5rX3VybF9wYWdlIiwic2V0dGluZ3MiOnsicG9zdF9pZCI6Ijk1MCJ9fQ==@\u00a0\u00bb button_text=\u00a0\u00bbVoir toutes les news\u00a0\u00bb button_alignment=\u00a0\u00bbcenter\u00a0\u00bb _builder_version=\u00a0\u00bb4.27.4&Prime; _dynamic_attributes=\u00a0\u00bbbutton_url\u00a0\u00bb custom_button=\u00a0\u00bbon\u00a0\u00bb button_text_size=\u00a0\u00bb11px\u00a0\u00bb button_text_color=\u00a0\u00bb#404040&Prime; button_bg_color=\u00a0\u00bbRGBA(255,255,255,0)\u00a0\u00bb button_border_color=\u00a0\u00bb#404040&Prime; button_border_radius=\u00a0\u00bb7px\u00a0\u00bb button_letter_spacing=\u00a0\u00bb1px\u00a0\u00bb button_font=\u00a0\u00bb|700|||||||\u00a0\u00bb button_use_icon=\u00a0\u00bboff\u00a0\u00bb custom_margin=\u00a0\u00bb5px||49px||false|\u00a0\u00bb custom_padding=\u00a0\u00bb8px|36px|8px|36px|true|true\u00a0\u00bb locked=\u00a0\u00bboff\u00a0\u00bb global_colors_info=\u00a0\u00bb{}\u00a0\u00bb button_text_size__hover_enabled=\u00a0\u00bboff\u00a0\u00bb button_one_text_size__hover_enabled=\u00a0\u00bboff\u00a0\u00bb button_two_text_size__hover_enabled=\u00a0\u00bboff\u00a0\u00bb button_text_color__hover_enabled=\u00a0\u00bboff\u00a0\u00bb button_one_text_color__hover_enabled=\u00a0\u00bboff\u00a0\u00bb button_two_text_color__hover_enabled=\u00a0\u00bboff\u00a0\u00bb button_border_width__hover_enabled=\u00a0\u00bboff\u00a0\u00bb button_one_border_width__hover_enabled=\u00a0\u00bboff\u00a0\u00bb button_two_border_width__hover_enabled=\u00a0\u00bboff\u00a0\u00bb button_border_color__hover_enabled=\u00a0\u00bboff\u00a0\u00bb button_one_border_color__hover_enabled=\u00a0\u00bboff\u00a0\u00bb button_two_border_color__hover_enabled=\u00a0\u00bboff\u00a0\u00bb button_border_radius__hover_enabled=\u00a0\u00bboff\u00a0\u00bb button_one_border_radius__hover_enabled=\u00a0\u00bboff\u00a0\u00bb button_two_border_radius__hover_enabled=\u00a0\u00bboff\u00a0\u00bb button_letter_spacing__hover_enabled=\u00a0\u00bboff\u00a0\u00bb button_one_letter_spacing__hover_enabled=\u00a0\u00bboff\u00a0\u00bb button_two_letter_spacing__hover_enabled=\u00a0\u00bboff\u00a0\u00bb button_bg_color__hover_enabled=\u00a0\u00bboff\u00a0\u00bb button_one_bg_color__hover_enabled=\u00a0\u00bboff\u00a0\u00bb button_two_bg_color__hover_enabled=\u00a0\u00bboff\u00a0\u00bb][\/et_pb_button][\/et_pb_column][\/et_pb_row][\/et_pb_section][et_pb_section fb_built=\u00a0\u00bb1&Prime; _builder_version=\u00a0\u00bb4.27.3&Prime; background_color=\u00a0\u00bb#000000&Prime; custom_margin=\u00a0\u00bb||-8px|||\u00a0\u00bb custom_padding=\u00a0\u00bb54px||28px|||\u00a0\u00bb global_colors_info=\u00a0\u00bb{}\u00a0\u00bb][et_pb_row _builder_version=\u00a0\u00bb4.27.4&Prime; _module_preset=\u00a0\u00bbdefault\u00a0\u00bb background_color=\u00a0\u00bb#000000&Prime; width=\u00a0\u00bb46%\u00a0\u00bb width_tablet=\u00a0\u00bb\u00a0\u00bb width_phone=\u00a0\u00bb81%\u00a0\u00bb width_last_edited=\u00a0\u00bbon|phone\u00a0\u00bb global_colors_info=\u00a0\u00bb{}\u00a0\u00bb][et_pb_column type=\u00a0\u00bb4_4&Prime; _builder_version=\u00a0\u00bb4.27.3&Prime; _module_preset=\u00a0\u00bbdefault\u00a0\u00bb global_colors_info=\u00a0\u00bb{}\u00a0\u00bb][et_pb_text _builder_version=\u00a0\u00bb4.27.3&Prime; _module_preset=\u00a0\u00bbdefault\u00a0\u00bb header_2_text_color=\u00a0\u00bb#F2F2F2&Prime; custom_margin=\u00a0\u00bb||6px|||\u00a0\u00bb custom_margin_tablet=\u00a0\u00bb||6px|||\u00a0\u00bb custom_margin_phone=\u00a0\u00bb50px||||false|false\u00a0\u00bb custom_margin_last_edited=\u00a0\u00bbon|phone\u00a0\u00bb global_colors_info=\u00a0\u00bb{}\u00a0\u00bb]<\/p>\n<h2 style=\"text-align: center;\">Newsletter<\/h2>\n<p>[\/et_pb_text][et_pb_text _builder_version=\u00a0\u00bb4.27.3&Prime; _module_preset=\u00a0\u00bbdefault\u00a0\u00bb text_text_color=\u00a0\u00bb#F2F2F2&Prime; text_font_size=\u00a0\u00bb19px\u00a0\u00bb custom_margin=\u00a0\u00bb||30px|||\u00a0\u00bb global_colors_info=\u00a0\u00bb{}\u00a0\u00bb]<\/p>\n<p style=\"text-align: center;\"><strong>Expositions &#8211; Ev\u00e8nements<\/strong><br \/>Inscrivez vous pour \u00eatre inform\u00e9s des actualit\u00e9s<\/p>\n<p>[\/et_pb_text][et_pb_code _builder_version=\u00a0\u00bb4.27.3&Prime; _module_preset=\u00a0\u00bbdefault\u00a0\u00bb background_color=\u00a0\u00bb#f2f2f2&Prime; width=\u00a0\u00bb100%\u00a0\u00bb module_alignment=\u00a0\u00bbcenter\u00a0\u00bb border_radii=\u00a0\u00bbon|20px|20px|20px|20px\u00a0\u00bb border_width_all=\u00a0\u00bb1px\u00a0\u00bb box_shadow_style=\u00a0\u00bbpreset2&Prime; global_colors_info=\u00a0\u00bb{}\u00a0\u00bb]<iframe data-w-type=\"embedded\" frameborder=\"0\" scrolling=\"no\" marginheight=\"0\" marginwidth=\"0\" src=\"https:\/\/x5myx.mjt.lu\/wgt\/x5myx\/x64v\/form?c=f95f6504\" width=\"100%\" style=\"height: 0;\"><\/iframe><!-- [et_pb_line_break_holder] --><!-- [et_pb_line_break_holder] --><script type=\"text\/javascript\" src=\"https:\/\/app.mailjet.com\/pas-nc-embedded-v1.js\"><\/script>[\/et_pb_code][\/et_pb_column][\/et_pb_row][\/et_pb_section]<\/p>\n","protected":false},"excerpt":{"rendered":"<p>Court m\u00e9trage autour de l&rsquo;\u0153uvre \u00ab\u00a0La Fl\u00fbte de L&rsquo;Ange\u00a0\u00bbR\u00e9alis\u00e9 par Alexandre ValentinoProchainementMars 2025 GALERIE CYGNE NOIRrue Guilhem Peyre &#8211; 82140 Saint-Antonin-Noble-Val &#8211; 23,24 et 25 Mai 2025 LES JARDINS D&rsquo;ALBERTASExposition collective\u00a0 D8N Bouc-Bel-Air 13320 &#8211; Du 31 mai au 10 juin 2025\u00a0 CHAPELLE SAINTE THECLEExposition en duo avec le peintre Alexandre LAMOTTErue des Poternes &#8211; [&hellip;]<\/p>\n","protected":false},"author":2,"featured_media":1334,"parent":0,"menu_order":0,"comment_status":"closed","ping_status":"closed","template":"","meta":{"_et_pb_use_builder":"on","_et_pb_old_content":"","_et_gb_content_width":"","_monsterinsights_skip_tracking":false,"_monsterinsights_sitenote_active":false,"_monsterinsights_sitenote_note":"","_monsterinsights_sitenote_category":0,"footnotes":""},"dipi_cpt_category":[],"class_list":["post-5942","page","type-page","status-publish","has-post-thumbnail","hentry"],"_links":{"self":[{"href":"https:\/\/www.davidegalbiati.com\/fr\/wp-json\/wp\/v2\/pages\/5942"}],"collection":[{"href":"https:\/\/www.davidegalbiati.com\/fr\/wp-json\/wp\/v2\/pages"}],"about":[{"href":"https:\/\/www.davidegalbiati.com\/fr\/wp-json\/wp\/v2\/types\/page"}],"author":[{"embeddable":true,"href":"https:\/\/www.davidegalbiati.com\/fr\/wp-json\/wp\/v2\/users\/2"}],"replies":[{"embeddable":true,"href":"https:\/\/www.davidegalbiati.com\/fr\/wp-json\/wp\/v2\/comments?post=5942"}],"version-history":[{"count":26,"href":"https:\/\/www.davidegalbiati.com\/fr\/wp-json\/wp\/v2\/pages\/5942\/revisions"}],"predecessor-version":[{"id":7911,"href":"https:\/\/www.davidegalbiati.com\/fr\/wp-json\/wp\/v2\/pages\/5942\/revisions\/7911"}],"wp:featuredmedia":[{"embeddable":true,"href":"https:\/\/www.davidegalbiati.com\/fr\/wp-json\/wp\/v2\/media\/1334"}],"wp:attachment":[{"href":"https:\/\/www.davidegalbiati.com\/fr\/wp-json\/wp\/v2\/media?parent=5942"}],"wp:term":[{"taxonomy":"dipi_cpt_category","embeddable":true,"href":"https:\/\/www.davidegalbiati.com\/fr\/wp-json\/wp\/v2\/dipi_cpt_category?post=5942"}],"curies":[{"name":"wp","href":"https:\/\/api.w.org\/{rel}","templated":true}]}}